{"id":2234,"date":"2010-08-30T20:58:35","date_gmt":"2010-08-31T00:58:35","guid":{"rendered":"https:\/\/ispeculate.wpmudev.host\/main\/"},"modified":"2010-08-30T20:58:35","modified_gmt":"2010-08-31T00:58:35","slug":"nami%c3%b0-mitt","status":"publish","type":"page","link":"https:\/\/ispeculate.net\/writings\/nami%c3%b0-mitt\/","title":{"rendered":"N\u00e1mi\u00f0"},"content":{"rendered":"<p>\u00c9g velti stundum fyrir m\u00e9r hvernig \u00e9g geti \u00fatsk\u00fdrt \u00ed hverju h\u00e1sk\u00f3lan\u00e1m mitt er f\u00f3lgi\u00f0, \u00fe.e. BA n\u00e1mi\u00f0 vi\u00f0 H\u00e1sk\u00f3la \u00cdslands, k\u00farsarnir sem \u00e9g t\u00f3k \u00ed vi\u00f0skiptafr\u00e6\u00f0i, MA-LM n\u00e1mi\u00f0 og STM n\u00e1mi\u00f0 \u00ed Trinity Lutheran Seminary. H\u00e9r er yfirlit yfir sumt af \u00fev\u00ed sem \u00e9g hef kynnt m\u00e9r.<\/p>\n<p><strong>BA-n\u00e1m \u00ed gu\u00f0fr\u00e6\u00f0i (90+ einingar)<\/strong><br \/>\nMe\u00f0al n\u00e1mskei\u00f0a \u00ed BA-n\u00e1minu \u00ed gu\u00f0fr\u00e6\u00f0i voru grunnn\u00e1mskei\u00f0 \u00ed f\u00e9lagsv\u00edsindum, m.a. \u00ed Afbrotafr\u00e6\u00f0i, Fj\u00f6lmi\u00f0lafr\u00e6\u00f0i, Heilsuf\u00e9lagsfr\u00e6\u00f0i, Tr\u00faarl\u00edfsf\u00e9lagsfr\u00e6\u00f0i og n\u00e1mskei\u00f0 kalla\u00f0 Uppeldi og samf\u00e9lag sem sko\u00f0a\u00f0i uppeldiskenningar \u00ed lj\u00f3si p\u00f3stm\u00f3dern\u00edskra hugmynda. \u00de\u00e1 t\u00f3k \u00e9g n\u00e1mskei\u00f0 um ofbeldi \u00ed fj\u00f6lskyldum \u00fear sem \u00e9g sko\u00f0a\u00f0i fj\u00f6lskylduofbeldi innan tr\u00faf\u00e9laga \u00ed lokaverkefni m\u00ednu.<\/p>\n<p>\u00cd gu\u00f0fr\u00e6\u00f0i t\u00f3k \u00e9g n\u00e1mskei\u00f0 um framsetningu kristilegrar si\u00f0fr\u00e6\u00f0i og framsetningu kristins bo\u00f0skapar, t\u00f3k n\u00e1mskei\u00f0 um \u00edslenska kirkjus\u00f6gu fr\u00e1 18. \u00f6ld og til dagsins \u00ed dag, me\u00f0 \u00e1herslu \u00e1 samband r\u00edkis og kirkju. \u00c9g st\u00fadera\u00f0i dj\u00e1knafr\u00e6\u00f0i og skrifa\u00f0i BA-ritger\u00f0 um hlutverk og st\u00f6\u00f0u dj\u00e1kna \u00ed \u00fej\u00f3\u00f0kirkjunni 1997.<\/p>\n<p><strong>Vi\u00f0skiptafr\u00e6\u00f0i (12ein)<\/strong><br \/>\n\u00c1ri\u00f0 2002-2003 t\u00f3k \u00e9g s\u00ed\u00f0an grunnn\u00e1mskei\u00f0 \u00ed vi\u00f0skiptafr\u00e6\u00f0i \u00e1 BA-stigi, m.a. Stj\u00f3rnun I, St\u00e6r\u00f0fr\u00e6\u00f0i I, Rekstrarhagfr\u00e6\u00f0i I og \u00dej\u00f3\u00f0hagfr\u00e6\u00f0i I. \u00dea\u00f0 \u00fearfnast vart frekari sk\u00fdringar.<\/p>\n<p><strong>MALM \u00ed Trinity Lutheran Seminary<\/strong><br \/>\n\u00cd MALM n\u00e1minu m\u00ednu lag\u00f0i \u00e9g \u00e1herslu \u00e1 safna\u00f0aruppbyggingu og fr\u00e6\u00f0slu. Upptalningin h\u00e9r er ekki t\u00e6mandi en \u00e9g t\u00f3k n\u00e1mskei\u00f0 um Fermingarfr\u00e6\u00f0slu, hvernig fr\u00e6\u00f0a m\u00e1 um kristnibo\u00f0 og hj\u00e1lparstarf, um fj\u00f6lskyldustarf \u00ed s\u00f6fnu\u00f0um og Hvernig h\u00e6gt er a\u00f0 kenna um Bibl\u00eduna.<\/p>\n<p>\u00c9g t\u00f3k n\u00e1mskei\u00f0 um breytingastj\u00f3rnun vi\u00f0 Methodist Theological School in Ohio, MBA n\u00e1mskei\u00f0 um heg\u00f0un fyrirt\u00e6kja vi\u00f0 Capital University, n\u00e1mskei\u00f0 um hlutverk presta sem lei\u00f0toga vi\u00f0 TLS, kynnti m\u00e9r vi\u00f0br\u00f6g\u00f0 kirkna vi\u00f0 hamf\u00f6rum \u00ed vettvangsk\u00farsi \u00ed New Orleans og l\u00e6r\u00f0i um starf kirkjunnar \u00ed mi\u00f0borgarsamf\u00e9lagi Detroit.<\/p>\n<p>\u00de\u00e1 t\u00f3k \u00e9g k\u00farsa um kynl\u00edfssi\u00f0fr\u00e6\u00f0i og heilsu- og l\u00edfsi\u00f0fr\u00e6\u00f0i.<\/p>\n<p><strong>STM \u00ed Trinity Lutheran Seminary<\/strong><br \/>\n\u00c1herslan \u00ed STM n\u00e1minu var \u00e1 snertifleti kirkjufr\u00e6\u00f0i og starfsh\u00e1ttafr\u00e6\u00f0a. \u00c9g t\u00f3k lesk\u00fars um kirkjufr\u00e6\u00f0i, t\u00f3k k\u00fars \u00ed tr\u00fabo\u00f0sfr\u00e6\u00f0um og kynnti m\u00e9r tr\u00faarl\u00edf \u00ed frumkristni.<\/p>\n<p>\u00c9g kynnti m\u00e9r kenningar um keltneskan kristind\u00f3m, t\u00f3k n\u00e1mskei\u00f0 um emergent kirkjuhreyfinguna, sat n\u00e1mskei\u00f0 um starf me\u00f0 ungu f\u00f3lki, t\u00f3k vettvangsk\u00fars um gagnkv\u00e6mt hj\u00e1lparstarf, \u00e9g t\u00f3k \u00fe\u00e1tt \u00ed n\u00e1mskei\u00f0i hj\u00e1 Bexley Hall um safna\u00f0arstarf \u00ed biskupakirkjunni og t\u00f3k n\u00e1mskei\u00f0 \u00ed The Ohio State University um samstarf \u00f3l\u00edkra fagst\u00e9tta sem starfa me\u00f0 f\u00f3lki.<\/p>\n<p>\u00c9g t\u00f3k lesk\u00fars \u00ed lei\u00f0togakenningum og skrifa\u00f0i \u00edtarlega meistararitger\u00f0 \u00fear sem \u00e9g dreg upp gu\u00f0fr\u00e6\u00f0ilegt m\u00f3del af kirkju\/s\u00f6fnu\u00f0i og gef inns\u00fdn \u00ed hvernig h\u00e6gt er a\u00f0 notast vi\u00f0 Balanced Scorecard til a\u00f0 meta \u00e1rangur \u00ed kirkjustarfi.<\/p>\n<p><em>\u00cd \u00feessari upptalningu hef \u00e9g ekki nefnt \u00fdmis grunnn\u00e1mskei\u00f0 \u00ed Bibl\u00edufr\u00e6\u00f0um, tr\u00fafr\u00e6\u00f0i, kirkjus\u00f6gu, helgihaldsfr\u00e6\u00f0um og tr\u00faar- og uppeldisfr\u00e6\u00f0i, en sl\u00edk n\u00e1mskei\u00f0 voru hluti af n\u00e1mi m\u00ednu b\u00e6\u00f0i \u00e1 \u00cdslandi og \u00ed Ohio.<\/em><\/p>\n","protected":false},"excerpt":{"rendered":"<p>\u00c9g velti stundum fyrir m\u00e9r hvernig \u00e9g geti \u00fatsk\u00fdrt \u00ed hverju h\u00e1sk\u00f3lan\u00e1m mitt er f\u00f3lgi\u00f0, \u00fe.e. BA n\u00e1mi\u00f0 vi\u00f0 H\u00e1sk\u00f3la \u00cdslands, k\u00farsarnir sem \u00e9g t\u00f3k \u00ed vi\u00f0skiptafr\u00e6\u00f0i, MA-LM n\u00e1mi\u00f0 og STM n\u00e1mi\u00f0 \u00ed Trinity Lutheran Seminary. H\u00e9r er yfirlit yfir sumt af \u00fev\u00ed sem \u00e9g hef kynnt m\u00e9r. BA-n\u00e1m \u00ed gu\u00f0fr\u00e6\u00f0i (90+ einingar) Me\u00f0al n\u00e1mskei\u00f0a &hellip; <a href=\"https:\/\/ispeculate.net\/writings\/nami%c3%b0-mitt\/\" class=\"more-link\">Continue reading <span class=\"screen-reader-text\">N\u00e1mi\u00f0<\/span><\/a><\/p>\n","protected":false},"author":1,"featured_media":0,"parent":0,"menu_order":0,"comment_status":"closed","ping_status":"closed","template":"","meta":{"footnotes":""},"class_list":["post-2234","page","type-page","status-publish","hentry"],"_links":{"self":[{"href":"https:\/\/ispeculate.net\/writings\/wp-json\/wp\/v2\/pages\/2234","targetHints":{"allow":["GET"]}}],"collection":[{"href":"https:\/\/ispeculate.net\/writings\/wp-json\/wp\/v2\/pages"}],"about":[{"href":"https:\/\/ispeculate.net\/writings\/wp-json\/wp\/v2\/types\/page"}],"author":[{"embeddable":true,"href":"https:\/\/ispeculate.net\/writings\/wp-json\/wp\/v2\/users\/1"}],"replies":[{"embeddable":true,"href":"https:\/\/ispeculate.net\/writings\/wp-json\/wp\/v2\/comments?post=2234"}],"version-history":[{"count":0,"href":"https:\/\/ispeculate.net\/writings\/wp-json\/wp\/v2\/pages\/2234\/revisions"}],"wp:attachment":[{"href":"https:\/\/ispeculate.net\/writings\/wp-json\/wp\/v2\/media?parent=2234"}],"curies":[{"name":"wp","href":"https:\/\/api.w.org\/{rel}","templated":true}]}}